{"id":2,"date":"2025-10-30T10:52:49","date_gmt":"2025-10-30T13:52:49","guid":{"rendered":"http:\/\/biapiloni.des.br\/?page_id=2"},"modified":"2025-10-30T13:43:25","modified_gmt":"2025-10-30T16:43:25","slug":"pagina-exemplo","status":"publish","type":"page","link":"http:\/\/biapiloni.des.br\/?page_id=2","title":{"rendered":"Quem \u00e9 Bia Piloni?"},"content":{"rendered":"\n<p>Desde muito jovem, <strong>Bianca Piloni Passini<\/strong>, conhecida como <strong>Bia Piloni<\/strong>, demonstrou uma paix\u00e3o intensa pela moda. Com papel e l\u00e1pis sempre por perto, come\u00e7ou a desenhar suas primeiras pe\u00e7as aos 14 anos, guiada apenas por sua intui\u00e7\u00e3o e criatividade. Mesmo sem forma\u00e7\u00e3o t\u00e9cnica inicial, seus tra\u00e7os j\u00e1 revelavam talento e sensibilidade art\u00edstica.<\/p>\n\n\n\n<p>Autodidata por natureza, Bia buscou aprimorar suas habilidades por conta pr\u00f3pria, estudando t\u00e9cnicas de desenho e textura. Mais tarde, investiu em cursos especializados que elevaram ainda mais a qualidade de suas cria\u00e7\u00f5es. Aos 18 anos, mergulhou no universo da modelagem e aprendeu a costurar com m\u00e1quinas industriais, dominando cada etapa do processo de cria\u00e7\u00e3o.<\/p>\n\n\n\n<p>Para Bia, moda vai muito al\u00e9m de est\u00e9tica \u2014 \u00e9 uma forma de express\u00e3o profunda. Como ela mesma define:<\/p>\n\n\n\n<blockquote class=\"wp-block-quote is-layout-flow wp-block-quote-is-layout-flow\">\n<p>\u201cModa \u00e9 a express\u00e3o de seus sentimentos, amor, paix\u00e3o e at\u00e9 tristeza, por que n\u00e3o? Moda \u00e9 comunica\u00e7\u00e3o, \u00e9 mostrar ao mundo quem voc\u00ea \u00e9. Moda&#8230; \u00e9 vida.\u201d<\/p>\n<\/blockquote>\n\n\n\n<p>Essa vis\u00e3o revela uma criadora que enxerga a moda como arte viva, capaz de traduzir emo\u00e7\u00f5es e contar hist\u00f3rias. Com autenticidade e prop\u00f3sito, Bia Piloni est\u00e1 construindo uma trajet\u00f3ria marcada por sensibilidade, t\u00e9cnica e inova\u00e7\u00e3o.<\/p>\n\n\n\n<p><\/p>\n","protected":false},"excerpt":{"rendered":"<p>Desde muito jovem, Bianca Piloni Passini, conhecida como Bia Piloni, demonstrou uma paix\u00e3o intensa pela moda. Com papel e l\u00e1pis sempre por perto, come\u00e7ou a desenhar suas primeiras pe\u00e7as aos 14 anos, guiada apenas por sua intui\u00e7\u00e3o e criatividade. Mesmo sem forma\u00e7\u00e3o t\u00e9cnica inicial, seus tra\u00e7os j\u00e1 revelavam talento e sensibilidade art\u00edstica. Autodidata por natureza, [&hellip;]<\/p>\n","protected":false},"author":1,"featured_media":11,"parent":0,"menu_order":0,"comment_status":"closed","ping_status":"open","template":"","meta":{"_vp_format_video_url":"","_vp_image_focal_point":[],"footnotes":""},"class_list":["post-2","page","type-page","status-publish","has-post-thumbnail","hentry"],"_links":{"self":[{"href":"http:\/\/biapiloni.des.br\/index.php?rest_route=\/wp\/v2\/pages\/2","targetHints":{"allow":["GET"]}}],"collection":[{"href":"http:\/\/biapiloni.des.br\/index.php?rest_route=\/wp\/v2\/pages"}],"about":[{"href":"http:\/\/biapiloni.des.br\/index.php?rest_route=\/wp\/v2\/types\/page"}],"author":[{"embeddable":true,"href":"http:\/\/biapiloni.des.br\/index.php?rest_route=\/wp\/v2\/users\/1"}],"replies":[{"embeddable":true,"href":"http:\/\/biapiloni.des.br\/index.php?rest_route=%2Fwp%2Fv2%2Fcomments&post=2"}],"version-history":[{"count":1,"href":"http:\/\/biapiloni.des.br\/index.php?rest_route=\/wp\/v2\/pages\/2\/revisions"}],"predecessor-version":[{"id":13,"href":"http:\/\/biapiloni.des.br\/index.php?rest_route=\/wp\/v2\/pages\/2\/revisions\/13"}],"wp:featuredmedia":[{"embeddable":true,"href":"http:\/\/biapiloni.des.br\/index.php?rest_route=\/wp\/v2\/media\/11"}],"wp:attachment":[{"href":"http:\/\/biapiloni.des.br\/index.php?rest_route=%2Fwp%2Fv2%2Fmedia&parent=2"}],"curies":[{"name":"wp","href":"https:\/\/api.w.org\/{rel}","templated":true}]}}